{"id":108,"date":"2014-09-26T09:48:48","date_gmt":"2014-09-26T07:48:48","guid":{"rendered":"http:\/\/wsv-harle.de\/WSV\/?page_id=108"},"modified":"2026-02-15T20:41:35","modified_gmt":"2026-02-15T19:41:35","slug":"ausschreibung","status":"publish","type":"page","link":"https:\/\/wsv-harle.de\/WSV\/ausschreibung\/","title":{"rendered":"Ausschreibung 2026"},"content":{"rendered":"<p>zur 53. Kanu-Regatta in Altfunnixsiel am 15. und 16. August 2026<\/p>\n<p>Die Regatta wird nach den Wettkampfbestimmungen des DKV ausgefahren.<\/p>\n<p>Rennstrecken: Harle mit einer Wassertiefe von ca. 2,50m.<\/p>\n<p>3 000m-Strecke: Start Bootshaus &#8211; Wende Westerdeich &#8211; Ziel Bootshaus<\/p>\n<p>200m-Strecke: balloniert in 5 Bahnen vor dem Bootshaus<\/p>\n<p>\u201eSprint Cup\u201c<\/p>\n<p>75m Sprint im k.o. System (je nach Meldungen 2 Boote oder 3 Boote in einem Rennen) Dieser Sprint-Cup findet nur bei ausreichend Meldungen (Rennen 400 und 401) statt und wenn es der Zeitplan zul\u00e4sst.<\/p>\n<p>Gehen f\u00fcr ein Rennen der 200m-Strecke mehr als 5 Meldungen ein, so werden in der Jugend-, Junioren- und Leistungsklasse am Sonntagvormittag und Samstagnachmittag Vor- und Zwischenl\u00e4ufe gefahren. In den Sch\u00fclerklassen sowie s\u00e4mtlichen Mixed-Rennen finden getrennte L\u00e4ufe statt. Die Rennen im Sprint Cup werden ebenfalls ausgelost.<\/p>\n<p>Die Langstreckenrennen erfolgen am Samstagnachmittag.<\/p>\n<p>Der genaue Zeitplan wird nach Eingang der Meldungen erstellt.<\/p>\n<p>Die drei Erstplatzierten jedes Rennens erhalten Medaillen. Au\u00dferdem werden wieder zahlreiche Pokale und Ehrenpreise ausgesetzt.<\/p>\n<p>* In diesen Rennen erfolgt jeweils getrennte Wertung.<\/p>\n<p>Den Harle-Pokal erh\u00e4lt der erfolgreichste Verein in den Kajakrennen auf der Kurz- und Langstrecke. Die Punktwertung daf\u00fcr sieht folgenderma\u00dfen aus:<\/p>\n<ol>\n<li>Platz: 5 Punkte 2. Platz: 3 Punkte 3. Platz: 1 Punkt<\/li>\n<\/ol>\n<p>Am Regatta-Wochenende besteht die M\u00f6glichkeit (je nach Teilnehmerzahl) mit einem Wohnwagen\/Wohnmobile (Kosten 5,00\u20ac pro Nacht) anzureisen. Da uns nur begrenzte Kapazit\u00e4ten zur Verf\u00fcgung stehen, bitten wir um schriftliche Anmeldung zum Meldeschlu\u00dfdatum an unsere Kassenwartin Okka Meentz unter nachfolgend aufgef\u00fchrter Email Adresse:\u00a0<a href=\"mailto:okka.rothert@web.de\">okka.rothert@web.de<\/a>. Zuerst eingehende Anmeldungen werden auch als erstes ber\u00fccksichtigt. Sollten unsere Kapazit\u00e4ten ersch\u00f6pft sein, erfolgt eine schriftliche Mitteilung an die Vereine.<\/p>\n<p>Je Teilnehmer erheben wir eine Platzgeb\u00fchr von 1,00 Euro\/Nacht.<\/p>\n<table>\n<tbody>\n<tr>\n<td>Startgeld:<\/td>\n<td>Sch\u00fcler<\/td>\n<td>Jugend<\/td>\n<td>Junioren<\/td>\n<td>Lk\/Sen.<\/td>\n<\/tr>\n<tr>\n<td>KI<\/td>\n<td>2,50<\/td>\n<td>3,50<\/td>\n<td>4,00<\/td>\n<td>4,50<\/td>\n<\/tr>\n<tr>\n<td>KII<\/td>\n<td>3,50<\/td>\n<td>4,-<\/td>\n<td>4,50<\/td>\n<td>5,50<\/td>\n<\/tr>\n<tr>\n<td>KIV<\/td>\n<td>4,-<\/td>\n<td>4,50<\/td>\n<td>5,50<\/td>\n<td>6,-<\/td>\n<\/tr>\n<\/tbody>\n<\/table>\n<p>Meldungen sind zu richten an:<\/p>\n<p>Bianca Pieper<br \/>\nHogewarf Str. 19<br \/>\n26 427 Werdum<br \/>\nTel. 04974\/991050<br \/>\nMail: Bianca(at)wsv-harle.de<\/p>\n<p>Meldeschluss: Mittwoch, 31.07.2026<\/p>\n<p>Obleutebesprechung: Am Samstag im Bootshaus des WSV Harle<\/p>\n<p>Rennen<\/p>\n<table width=\"513\">\n<tbody>\n<tr>\n<td>401<\/td>\n<td>K I<\/td>\n<td>Herren Sprint (k.o. System ab Jugend)<\/td>\n<td>75m<\/td>\n<\/tr>\n<tr>\n<td>402<\/td>\n<td>K I<\/td>\n<td>Damen Sprint (k.o. System ab Jugend)<\/td>\n<td>75m<\/td>\n<\/tr>\n<\/tbody>\n<\/table>\n<table>\n<tbody>\n<tr class=\"even\">\n<td>1<\/td>\n<td>K I<\/td>\n<td>Sch\u00fcler A<\/td>\n<td>3.000m<\/td>\n<\/tr>\n<tr>\n<td>2<\/td>\n<td>K II<\/td>\n<td>Sch\u00fcler A<\/td>\n<td>3.000m<\/td>\n<\/tr>\n<tr class=\"even\">\n<td>3<\/td>\n<td>K I<\/td>\n<td>Sch\u00fclerinnen A<\/td>\n<td>3.000m<\/td>\n<\/tr>\n<tr>\n<td>4<\/td>\n<td>K II<\/td>\n<td>Sch\u00fclerinnen A<\/td>\n<td>3.000m<\/td>\n<\/tr>\n<tr class=\"even\">\n<td>5<\/td>\n<td>K I<\/td>\n<td>Sch\u00fcler B AK 12<\/td>\n<td>3.000m<\/td>\n<\/tr>\n<tr>\n<td>6<\/td>\n<td>K I<\/td>\n<td>Sch\u00fcler B AK 11<\/td>\n<td>3.000m<\/td>\n<\/tr>\n<tr class=\"even\">\n<td>7<\/td>\n<td>K I<\/td>\n<td>Sch\u00fcler B AK 10<\/td>\n<td>3.000m<\/td>\n<\/tr>\n<tr>\n<td>8108<\/td>\n<td>K IKII<\/td>\n<td>Sch\u00fcler CSch\u00fcler C<\/td>\n<td>1.500m1500m<\/td>\n<\/tr>\n<tr class=\"even\">\n<td>9<\/td>\n<td>KII<\/td>\n<td>Sch\u00fcler B<\/td>\n<td>3.000m<\/td>\n<\/tr>\n<tr>\n<td>10<\/td>\n<td>KI<\/td>\n<td>Sch\u00fclerinnen B AK 12<\/td>\n<td>3.000m<\/td>\n<\/tr>\n<tr class=\"even\">\n<td>11<\/td>\n<td>KI<\/td>\n<td>Sch\u00fclerinnen B AK 11<\/td>\n<td>3.000m<\/td>\n<\/tr>\n<tr>\n<td>12<\/td>\n<td>KI<\/td>\n<td>Sch\u00fclerinnen B AK 10<\/td>\n<td>3.000m<\/td>\n<\/tr>\n<tr class=\"even\">\n<td>13113<\/td>\n<td>KIKII<\/td>\n<td>Sch\u00fclerinnen CSch\u00fclerinnen C<\/td>\n<td>1.500m1500m<\/td>\n<\/tr>\n<tr>\n<td>14<\/td>\n<td>KII<\/td>\n<td>Sch\u00fclerinnen B<\/td>\n<td>3.000m<\/td>\n<\/tr>\n<tr class=\"even\">\n<td>15<\/td>\n<td>K I<\/td>\n<td>m\u00e4nnl. Jugend<\/td>\n<td>3.000m<\/td>\n<\/tr>\n<tr>\n<td>16<\/td>\n<td>K II<\/td>\n<td>m\u00e4nnl. Jugend<\/td>\n<td>3.000m<\/td>\n<\/tr>\n<tr class=\"even\">\n<td>17<\/td>\n<td>K I<\/td>\n<td>weibl. Jugend<\/td>\n<td>3.000m<\/td>\n<\/tr>\n<tr>\n<td>18<\/td>\n<td>K II<\/td>\n<td>weibl. Jugend<\/td>\n<td>3.000m<\/td>\n<\/tr>\n<tr class=\"even\">\n<td>19<\/td>\n<td>K I<\/td>\n<td>Herren Junioren<\/td>\n<td>3.000m<\/td>\n<\/tr>\n<tr>\n<td>20<\/td>\n<td>K II<\/td>\n<td>Herren Junioren<\/td>\n<td>3.000m<\/td>\n<\/tr>\n<tr class=\"even\">\n<td>21<\/td>\n<td>K I<\/td>\n<td>Damen Junioren<\/td>\n<td>3.000m<\/td>\n<\/tr>\n<tr>\n<td>22<\/td>\n<td>K II<\/td>\n<td>Damen Junioren<\/td>\n<td>3.000m<\/td>\n<\/tr>\n<tr class=\"even\">\n<td>23<\/td>\n<td>K I<\/td>\n<td>Herren LK<\/td>\n<td>3.000m<\/td>\n<\/tr>\n<tr>\n<td>24<\/td>\n<td>K II<\/td>\n<td>Herren LK<\/td>\n<td>3.000m<\/td>\n<\/tr>\n<tr class=\"even\">\n<td>25<\/td>\n<td>K I<\/td>\n<td>Damen LK<\/td>\n<td>3.000m<\/td>\n<\/tr>\n<tr>\n<td>26<\/td>\n<td>K II<\/td>\n<td>Damen LK<\/td>\n<td>3.000m<\/td>\n<\/tr>\n<tr class=\"even\">\n<td>27<\/td>\n<td>K I<\/td>\n<td>Herren AK A<\/td>\n<td>3.000m<\/td>\n<\/tr>\n<tr>\n<td>127<\/td>\n<td>K I<\/td>\n<td>Herren AK B<\/td>\n<td>3.000m<\/td>\n<\/tr>\n<tr class=\"even\">\n<td>227<\/td>\n<td>K I<\/td>\n<td>Herren AK C<\/td>\n<td>3.000m<\/td>\n<\/tr>\n<tr>\n<td>327427<\/td>\n<td>K IKI<\/td>\n<td>Herren AK DHerren AK E<\/td>\n<td>3.000m3.000m<\/td>\n<\/tr>\n<tr class=\"even\">\n<td>28<\/td>\n<td>K II<\/td>\n<td>Derren AK<\/td>\n<td>3.000m<\/td>\n<\/tr>\n<tr>\n<td>29<\/td>\n<td>K I<\/td>\n<td>Damen AK A<\/td>\n<td>3.000m<\/td>\n<\/tr>\n<tr class=\"even\">\n<td>129<\/td>\n<td>K I<\/td>\n<td>Damen AK B<\/td>\n<td>3.000m<\/td>\n<\/tr>\n<tr>\n<td>229<\/td>\n<td>K I<\/td>\n<td>Damen AK C<\/td>\n<td>3.000m<\/td>\n<\/tr>\n<tr class=\"even\">\n<td>30<\/td>\n<td>K II<\/td>\n<td>Damen AK<\/td>\n<td>3.000m<\/td>\n<\/tr>\n<tr>\n<td>31<\/td>\n<td>K I<\/td>\n<td>Sch\u00fcler A<\/td>\n<td>200m<\/td>\n<\/tr>\n<tr class=\"even\">\n<td>32<\/td>\n<td>K II<\/td>\n<td>Sch\u00fcler A<\/td>\n<td>200m<\/td>\n<\/tr>\n<tr>\n<td>33<\/td>\n<td>K IV<\/td>\n<td>Sch\u00fcler A<\/td>\n<td>200m<\/td>\n<\/tr>\n<tr class=\"even\">\n<td>34<\/td>\n<td>K I<\/td>\n<td>Sch\u00fclerinnen A<\/td>\n<td>200m<\/td>\n<\/tr>\n<tr>\n<td>35<\/td>\n<td>K II<\/td>\n<td>Sch\u00fclerinnen A<\/td>\n<td>200m<\/td>\n<\/tr>\n<tr class=\"even\">\n<td>36<\/td>\n<td>K IV<\/td>\n<td>Sch\u00fclerinnen A<\/td>\n<td>200m<\/td>\n<\/tr>\n<tr>\n<td>37<\/td>\n<td>K II<\/td>\n<td>Sch\u00fcler A Mixed<\/td>\n<td>200m<\/td>\n<\/tr>\n<tr class=\"even\">\n<td>38<\/td>\n<td>K IV<\/td>\n<td>Sch\u00fcler A Mixed<\/td>\n<td>200m<\/td>\n<\/tr>\n<tr>\n<td>39<\/td>\n<td>K I<\/td>\n<td>Sch\u00fcler B AK 12<\/td>\n<td>200m<\/td>\n<\/tr>\n<tr class=\"even\">\n<td>40<\/td>\n<td>K I<\/td>\n<td>Sch\u00fcler B AK 11<\/td>\n<td>200m<\/td>\n<\/tr>\n<tr>\n<td>41<\/td>\n<td>K I<\/td>\n<td>Sch\u00fcler B AK 10<\/td>\n<td>200m<\/td>\n<\/tr>\n<tr class=\"even\">\n<td>42142<\/td>\n<td>K IK II<\/td>\n<td>Sch\u00fcler CSch\u00fcler C<\/td>\n<td>200m200m<\/td>\n<\/tr>\n<tr>\n<td>43<\/td>\n<td>K II<\/td>\n<td>Sch\u00fcler B<\/td>\n<td>200m<\/td>\n<\/tr>\n<tr class=\"even\">\n<td>44<\/td>\n<td>K IV<\/td>\n<td>Sch\u00fcler B<\/td>\n<td>200m<\/td>\n<\/tr>\n<tr>\n<td>45<\/td>\n<td>K I<\/td>\n<td>Sch\u00fclerinnen B AK 12<\/td>\n<td>200m<\/td>\n<\/tr>\n<tr class=\"even\">\n<td>46<\/td>\n<td>K I<\/td>\n<td>Sch\u00fclerinnen B AK 11<\/td>\n<td>200m<\/td>\n<\/tr>\n<tr>\n<td>47<\/td>\n<td>K I<\/td>\n<td>Sch\u00fclerinnen B AK 10<\/td>\n<td>200m<\/td>\n<\/tr>\n<tr class=\"even\">\n<td>48148<\/td>\n<td>K IK II<\/td>\n<td>Sch\u00fclerinnen CSch\u00fclerinnen C<\/td>\n<td>200m200m<\/td>\n<\/tr>\n<tr>\n<td>49<\/td>\n<td>K II<\/td>\n<td>Sch\u00fclerinnen B<\/td>\n<td>200m<\/td>\n<\/tr>\n<tr class=\"even\">\n<td>50<\/td>\n<td>K IV<\/td>\n<td>Sch\u00fclerinnen B<\/td>\n<td>200m<\/td>\n<\/tr>\n<tr>\n<td>51<\/td>\n<td>K II<\/td>\n<td>Sch\u00fcler B Mixed<\/td>\n<td>200m<\/td>\n<\/tr>\n<tr class=\"even\">\n<td>52<\/td>\n<td>K IV<\/td>\n<td>Sch\u00fcler B Mixed<\/td>\n<td>200m<\/td>\n<\/tr>\n<tr>\n<td>53<\/td>\n<td>K I<\/td>\n<td>m\u00e4nnl. Jugend<\/td>\n<td>200m<\/td>\n<\/tr>\n<tr class=\"even\">\n<td>54<\/td>\n<td>K II<\/td>\n<td>m\u00e4nnl. Jugend<\/td>\n<td>200m<\/td>\n<\/tr>\n<tr>\n<td>55<\/td>\n<td>K IV<\/td>\n<td>m\u00e4nnl. Jugend<\/td>\n<td>200m<\/td>\n<\/tr>\n<tr class=\"even\">\n<td>56<\/td>\n<td>K I<\/td>\n<td>weibl. Jugend<\/td>\n<td>200m<\/td>\n<\/tr>\n<tr>\n<td>57<\/td>\n<td>K II<\/td>\n<td>weibl. Jugend<\/td>\n<td>200m<\/td>\n<\/tr>\n<tr class=\"even\">\n<td>58<\/td>\n<td>K IV<\/td>\n<td>weibl. Jugend<\/td>\n<td>200m<\/td>\n<\/tr>\n<tr>\n<td>59<\/td>\n<td>K II<\/td>\n<td>Jugend Mixed<\/td>\n<td>200m<\/td>\n<\/tr>\n<tr class=\"even\">\n<td>60<\/td>\n<td>K IV<\/td>\n<td>Jugend Mixed<\/td>\n<td>200m<\/td>\n<\/tr>\n<tr>\n<td>61<\/td>\n<td>K I<\/td>\n<td>Herren Junioren<\/td>\n<td>200m<\/td>\n<\/tr>\n<tr class=\"even\">\n<td>62<\/td>\n<td>K II<\/td>\n<td>Herren Junioren<\/td>\n<td>200m<\/td>\n<\/tr>\n<tr>\n<td>63<\/td>\n<td>K IV<\/td>\n<td>Herren Junioren<\/td>\n<td>200m<\/td>\n<\/tr>\n<tr class=\"even\">\n<td>64<\/td>\n<td>K I<\/td>\n<td>Damen Junioren<\/td>\n<td>200m<\/td>\n<\/tr>\n<tr>\n<td>65<\/td>\n<td>K II<\/td>\n<td>Damen Junioren<\/td>\n<td>200m<\/td>\n<\/tr>\n<tr class=\"even\">\n<td>66<\/td>\n<td>K IV<\/td>\n<td>Damen Junioren<\/td>\n<td>200m<\/td>\n<\/tr>\n<tr>\n<td>67<\/td>\n<td>K II<\/td>\n<td>Junioren Mixed<\/td>\n<td>200m<\/td>\n<\/tr>\n<tr class=\"even\">\n<td>68<\/td>\n<td>K IV<\/td>\n<td>Junioren Mixed<\/td>\n<td>200m<\/td>\n<\/tr>\n<tr>\n<td>69<\/td>\n<td>K I<\/td>\n<td>Herren LK<\/td>\n<td>200m<\/td>\n<\/tr>\n<tr class=\"even\">\n<td>70<\/td>\n<td>K II<\/td>\n<td>Herren LK<\/td>\n<td>200m<\/td>\n<\/tr>\n<tr>\n<td>71<\/td>\n<td>K IV<\/td>\n<td>Herren<\/td>\n<td>200m<\/td>\n<\/tr>\n<tr class=\"even\">\n<td>72<\/td>\n<td>K I<\/td>\n<td>Damen LK<\/td>\n<td>200m<\/td>\n<\/tr>\n<tr>\n<td>73<\/td>\n<td>K II<\/td>\n<td>Damen LK<\/td>\n<td>200m<\/td>\n<\/tr>\n<tr class=\"even\">\n<td>74<\/td>\n<td>K IV<\/td>\n<td>Damen<\/td>\n<td>200m<\/td>\n<\/tr>\n<tr>\n<td>75<\/td>\n<td>K II<\/td>\n<td>LK Mixed<\/td>\n<td>200m<\/td>\n<\/tr>\n<tr class=\"even\">\n<td>76<\/td>\n<td>K IV<\/td>\n<td>LK Mixed<\/td>\n<td>200m<\/td>\n<\/tr>\n<tr>\n<td>77<\/td>\n<td>K I<\/td>\n<td>Herren AK A<\/td>\n<td>200m<\/td>\n<\/tr>\n<tr class=\"even\">\n<td>177<\/td>\n<td>K I<\/td>\n<td>Herren AK B<\/td>\n<td>200m<\/td>\n<\/tr>\n<tr>\n<td>277<\/td>\n<td>K I<\/td>\n<td>Herren AK C<\/td>\n<td>200m<\/td>\n<\/tr>\n<tr class=\"even\">\n<td>377477<\/td>\n<td>K IK I<\/td>\n<td>Herren AK DHerren AK E<\/td>\n<td>200m200m<\/td>\n<\/tr>\n<tr>\n<td>78<\/td>\n<td>K II<\/td>\n<td>Herren AK<\/td>\n<td>200m<\/td>\n<\/tr>\n<tr class=\"even\">\n<td>378<\/td>\n<td>K IV<\/td>\n<td>Herren AK<\/td>\n<td>200m<\/td>\n<\/tr>\n<tr>\n<td>79<\/td>\n<td>K I<\/td>\n<td>Damen AK A<\/td>\n<td>200m<\/td>\n<\/tr>\n<tr class=\"even\">\n<td>179<\/td>\n<td>K I<\/td>\n<td>Damen AK B<\/td>\n<td>200m<\/td>\n<\/tr>\n<tr>\n<td>279<\/td>\n<td>K I<\/td>\n<td>Damen AK C<\/td>\n<td>200m<\/td>\n<\/tr>\n<tr class=\"even\">\n<td>80<\/td>\n<td>K II<\/td>\n<td>Damen AK<\/td>\n<td>200m<\/td>\n<\/tr>\n<\/tbody>\n<\/table>\n","protected":false},"excerpt":{"rendered":"<p>zur 53. Kanu-Regatta in Altfunnixsiel am 15. und 16. August 2026 Die Regatta wird nach den Wettkampfbestimmungen des DKV ausgefahren. Rennstrecken: Harle mit einer Wassertiefe von ca. 2,50m. 3 000m-Strecke: Start Bootshaus &#8211; Wende Westerdeich &#8211; Ziel Bootshaus 200m-Strecke: balloniert in 5 Bahnen vor dem Bootshaus \u201eSprint Cup\u201c 75m Sprint im k.o. System (je nach [&hellip;]<\/p>\n","protected":false},"author":1,"featured_media":0,"parent":0,"menu_order":0,"comment_status":"closed","ping_status":"open","template":"","meta":{"footnotes":""},"class_list":["post-108","page","type-page","status-publish","hentry"],"_links":{"self":[{"href":"https:\/\/wsv-harle.de\/WSV\/wp-json\/wp\/v2\/pages\/108","targetHints":{"allow":["GET"]}}],"collection":[{"href":"https:\/\/wsv-harle.de\/WSV\/wp-json\/wp\/v2\/pages"}],"about":[{"href":"https:\/\/wsv-harle.de\/WSV\/wp-json\/wp\/v2\/types\/page"}],"author":[{"embeddable":true,"href":"https:\/\/wsv-harle.de\/WSV\/wp-json\/wp\/v2\/users\/1"}],"replies":[{"embeddable":true,"href":"https:\/\/wsv-harle.de\/WSV\/wp-json\/wp\/v2\/comments?post=108"}],"version-history":[{"count":36,"href":"https:\/\/wsv-harle.de\/WSV\/wp-json\/wp\/v2\/pages\/108\/revisions"}],"predecessor-version":[{"id":13651,"href":"https:\/\/wsv-harle.de\/WSV\/wp-json\/wp\/v2\/pages\/108\/revisions\/13651"}],"wp:attachment":[{"href":"https:\/\/wsv-harle.de\/WSV\/wp-json\/wp\/v2\/media?parent=108"}],"curies":[{"name":"wp","href":"https:\/\/api.w.org\/{rel}","templated":true}]}}