{"id":5,"date":"2014-08-27T15:37:00","date_gmt":"2014-08-27T13:37:00","guid":{"rendered":"http:\/\/wsv-harle.de\/WSV\/?page_id=5"},"modified":"2017-02-23T20:32:01","modified_gmt":"2017-02-23T19:32:01","slug":"geschichte-des-wsv-harle","status":"publish","type":"page","link":"https:\/\/wsv-harle.de\/WSV\/geschichte-des-wsv-harle\/","title":{"rendered":"Geschichte des WSV Harle"},"content":{"rendered":"<p>Der Wassersportverein Harle wurde am <strong>28. Mai 1967<\/strong> im damaligen \u201eHarlehof\u201c in Altfunnixsiel gegr\u00fcndet. Die Initiative zur Vereinsgr\u00fcndung ging aus vom damaligen Gemeinderat der Gemeinde Funnix unter der Leitung von B\u00fcrgermeister Frerich Eilts.<\/p>\n<p>Mit der Schaffung des Campingplatzes sowie der Wiederbelebung des traditionellen Dorffestes \u201eOllsieler Plum`nmarkt\u201c im Jahre 1966 hatte n\u00e4mlich der Fremdenverkehr in Altfunnixsiel seinen Einzug gefunden. Und anl\u00e4sslich dieses <strong>\u201eOllsieler Plum`nmarkts 1966\u201c <\/strong>entstand die z\u00fcndende Idee zur Gr\u00fcndung des WSV Harle ein Jahr sp\u00e4ter. Hier n\u00e4mlich hatten Wassersportler aus Wilhelmshaven und Norden am Samstagabend einen illuminierten Bootskorso auf die Harle gezaubert und am darauffolgenden Sonntag eine begeisternde Kanu-Regatta veranstaltet.<\/p>\n<ul>\n<li>Im Sommer 1967 kaufte der WSV Harle drei <strong>selbstgebaute Holzkanus<\/strong> vom benachbarten BSC Burhafe. Darin lernten die ersten WSV-Jugendlichen das Paddeln.<\/li>\n<\/ul>\n<ul>\n<li>Nach dem Kauf einiger vereinseigener <strong>Polyester- und Faltboote<\/strong> wurden rollende Fahrgestelle f\u00fcr den Transport der Boote gebaut. Die Boote lagerten darauf in der Scheune des \u201eHarlehofs\u201c und konnten zu Trainingszwecken bequem an die Harle geschoben werden.<\/li>\n<\/ul>\n<ul>\n<li>Im August 1968 wurde der neu geschaffene <strong>Bootshafen<\/strong> eingeweiht. Der Verein hatte mittlerweile 108 Mitglieder.<\/li>\n<\/ul>\n<ul>\n<li>Am 31. Mai 1969 erfolgte die \u00dcbergabe des <strong>Bootshauses<\/strong> mit Clubraum und Sanit\u00e4ranlagen. In Altfunnixsiel fanden die Bezirksmeisterschaften des Verbandes Oldenburg\/Ostfriesland mit \u00fcber 100 Booten statt.<\/li>\n<\/ul>\n<ul>\n<li>Der gesamte Schuppenbereich des Bootshauses diente in den Anfangsjahren nicht nur als Unterstell-M\u00f6glichkeit f\u00fcr Boote. In den Wintermonaten war der Schuppen zus\u00e4tzlich ein <strong>beliebter Abstellraum<\/strong> f\u00fcr Strandk\u00f6rbe aus Harlesiel, Parkb\u00e4nke aus Altfunnixsiel und Burgen aus dem benachbarten \u201eL\u00fctje Land\u201c. Sogar Segel-Yachten wurden hier renoviert.<\/li>\n<\/ul>\n<ul>\n<li>Im Jahre 1979 reduzierte man den Bootsraum auf die H\u00e4lfte. Daf\u00fcr wurden ein <strong>Trainings<\/strong><strong>raum<\/strong> eingerichtet und der Clubraum vergr\u00f6\u00dfert.<\/li>\n<\/ul>\n<ul>\n<li>Im Jahre 1989 erfolgte die Einweihung des <strong>neuen Sanit\u00e4rktrakts mit gro\u00dfer K\u00fcche<\/strong>.<\/li>\n<\/ul>\n<ul>\n<li>Mit der Fertigstellung des Schuppen-Anbaus im Jahre 1996 wurden&nbsp; eine <strong>Bootswerkstatt<\/strong>, Unterstell-M\u00f6glichkeiten f\u00fcr Wanderboote und Platz f\u00fcr Bootsanh\u00e4nger geschaffen.<\/li>\n<\/ul>\n","protected":false},"excerpt":{"rendered":"<p>Der Wassersportverein Harle wurde am 28. Mai 1967 im damaligen \u201eHarlehof\u201c in Altfunnixsiel gegr\u00fcndet. Die Initiative zur Vereinsgr\u00fcndung ging aus vom damaligen Gemeinderat der Gemeinde Funnix unter der Leitung von B\u00fcrgermeister Frerich Eilts. Mit der Schaffung des Campingplatzes sowie der Wiederbelebung des traditionellen Dorffestes \u201eOllsieler Plum`nmarkt\u201c im Jahre 1966 hatte n\u00e4mlich der Fremdenverkehr in Altfunnixsiel [&hellip;]<\/p>\n","protected":false},"author":1,"featured_media":0,"parent":0,"menu_order":2,"comment_status":"closed","ping_status":"open","template":"","meta":{"footnotes":""},"class_list":["post-5","page","type-page","status-publish","hentry"],"_links":{"self":[{"href":"https:\/\/wsv-harle.de\/WSV\/wp-json\/wp\/v2\/pages\/5","targetHints":{"allow":["GET"]}}],"collection":[{"href":"https:\/\/wsv-harle.de\/WSV\/wp-json\/wp\/v2\/pages"}],"about":[{"href":"https:\/\/wsv-harle.de\/WSV\/wp-json\/wp\/v2\/types\/page"}],"author":[{"embeddable":true,"href":"https:\/\/wsv-harle.de\/WSV\/wp-json\/wp\/v2\/users\/1"}],"replies":[{"embeddable":true,"href":"https:\/\/wsv-harle.de\/WSV\/wp-json\/wp\/v2\/comments?post=5"}],"version-history":[{"count":6,"href":"https:\/\/wsv-harle.de\/WSV\/wp-json\/wp\/v2\/pages\/5\/revisions"}],"predecessor-version":[{"id":5711,"href":"https:\/\/wsv-harle.de\/WSV\/wp-json\/wp\/v2\/pages\/5\/revisions\/5711"}],"wp:attachment":[{"href":"https:\/\/wsv-harle.de\/WSV\/wp-json\/wp\/v2\/media?parent=5"}],"curies":[{"name":"wp","href":"https:\/\/api.w.org\/{rel}","templated":true}]}}